{"id":25,"date":"2024-07-24T13:16:59","date_gmt":"2024-07-24T11:16:59","guid":{"rendered":"http:\/\/centreequestremancieulles.fr\/?page_id=25"},"modified":"2025-03-25T01:09:37","modified_gmt":"2025-03-25T00:09:37","slug":"contact","status":"publish","type":"page","link":"https:\/\/www.centreequestremancieulles.fr\/?page_id=25","title":{"rendered":"Contact"},"content":{"rendered":"\t\t<div data-elementor-type=\"wp-page\" data-elementor-id=\"25\" class=\"elementor elementor-25\">\n\t\t\t\t<div class=\"elementor-element elementor-element-24c16cf6 e-flex e-con-boxed wpr-particle-no wpr-jarallax-no wpr-parallax-no wpr-sticky-section-no e-con e-parent\" data-id=\"24c16cf6\" data-element_type=\"container\">\n\t\t\t\t\t<div class=\"e-con-inner\">\n\t\t<div class=\"elementor-element elementor-element-71f79242 e-con-full e-flex wpr-particle-no wpr-jarallax-no wpr-parallax-no wpr-sticky-section-no e-con e-child\" data-id=\"71f79242\" data-element_type=\"container\">\n\t\t\t\t<div class=\"elementor-element elementor-element-331fc4f elementor-widget elementor-widget-spacer\" data-id=\"331fc4f\" data-element_type=\"widget\" data-widget_type=\"spacer.default\">\n\t\t\t\t<div class=\"elementor-widget-container\">\n\t\t\t\t\t\t\t<div class=\"elementor-spacer\">\n\t\t\t<div class=\"elementor-spacer-inner\"><\/div>\n\t\t<\/div>\n\t\t\t\t\t\t<\/div>\n\t\t\t\t<\/div>\n\t\t\t\t<div class=\"elementor-element elementor-element-4083a1f8 elementor-invisible elementor-widget elementor-widget-heading\" data-id=\"4083a1f8\" data-element_type=\"widget\" data-settings=\"{&quot;_animation&quot;:&quot;fadeIn&quot;}\" data-widget_type=\"heading.default\">\n\t\t\t\t<div class=\"elementor-widget-container\">\n\t\t\t\t\t<h1 class=\"elementor-heading-title elementor-size-default\">Contact<\/h1>\t\t\t\t<\/div>\n\t\t\t\t<\/div>\n\t\t\t\t<div class=\"elementor-element elementor-element-6eec4499 elementor-widget elementor-widget-text-editor\" data-id=\"6eec4499\" data-element_type=\"widget\" data-widget_type=\"text-editor.default\">\n\t\t\t\t<div class=\"elementor-widget-container\">\n\t\t\t\t\t\t\t\t\t<p>Veuillez nous contacter de pr\u00e9f\u00e9rence par email<\/p>\t\t\t\t\t\t\t\t<\/div>\n\t\t\t\t<\/div>\n\t\t\t\t<div class=\"elementor-element elementor-element-328490b elementor-icon-list--layout-inline elementor-widget__width-initial elementor-list-item-link-full_width elementor-widget elementor-widget-icon-list\" data-id=\"328490b\" data-element_type=\"widget\" data-widget_type=\"icon-list.default\">\n\t\t\t\t<div class=\"elementor-widget-container\">\n\t\t\t\t\t\t\t<ul class=\"elementor-icon-list-items elementor-inline-items\">\n\t\t\t\t\t\t\t<li class=\"elementor-icon-list-item elementor-inline-item\">\n\t\t\t\t\t\t\t\t\t\t\t<a href=\"tel:0382200584\">\n\n\t\t\t\t\t\t\t\t\t\t\t\t<span class=\"elementor-icon-list-icon\">\n\t\t\t\t\t\t\t<svg aria-hidden=\"true\" class=\"e-font-icon-svg e-fas-phone\" viewBox=\"0 0 512 512\" xmlns=\"http:\/\/www.w3.org\/2000\/svg\"><path d=\"M493.4 24.6l-104-24c-11.3-2.6-22.9 3.3-27.5 13.9l-48 112c-4.2 9.8-1.4 21.3 6.9 28l60.6 49.6c-36 76.7-98.9 140.5-177.2 177.2l-49.6-60.6c-6.8-8.3-18.2-11.1-28-6.9l-112 48C3.9 366.5-2 378.1.6 389.4l24 104C27.1 504.2 36.7 512 48 512c256.1 0 464-207.5 464-464 0-11.2-7.7-20.9-18.6-23.4z\"><\/path><\/svg>\t\t\t\t\t\t<\/span>\n\t\t\t\t\t\t\t\t\t\t<span class=\"elementor-icon-list-text\"><b>T\u00e9l\u00e9phone :<\/b> 03.82.20.05.84<\/span>\n\t\t\t\t\t\t\t\t\t\t\t<\/a>\n\t\t\t\t\t\t\t\t\t<\/li>\n\t\t\t\t\t\t\t\t<li class=\"elementor-icon-list-item elementor-inline-item\">\n\t\t\t\t\t\t\t\t\t\t\t<a href=\"mailto:centreequestremancieulles@gmail.com\">\n\n\t\t\t\t\t\t\t\t\t\t\t\t<span class=\"elementor-icon-list-icon\">\n\t\t\t\t\t\t\t<svg aria-hidden=\"true\" class=\"e-font-icon-svg e-far-envelope\" viewBox=\"0 0 512 512\" xmlns=\"http:\/\/www.w3.org\/2000\/svg\"><path d=\"M464 64H48C21.49 64 0 85.49 0 112v288c0 26.51 21.49 48 48 48h416c26.51 0 48-21.49 48-48V112c0-26.51-21.49-48-48-48zm0 48v40.805c-22.422 18.259-58.168 46.651-134.587 106.49-16.841 13.247-50.201 45.072-73.413 44.701-23.208.375-56.579-31.459-73.413-44.701C106.18 199.465 70.425 171.067 48 152.805V112h416zM48 400V214.398c22.914 18.251 55.409 43.862 104.938 82.646 21.857 17.205 60.134 55.186 103.062 54.955 42.717.231 80.509-37.199 103.053-54.947 49.528-38.783 82.032-64.401 104.947-82.653V400H48z\"><\/path><\/svg>\t\t\t\t\t\t<\/span>\n\t\t\t\t\t\t\t\t\t\t<span class=\"elementor-icon-list-text\"><b>Email :<\/b> centreequestremancieulles<b>@gmail.com<\/b><\/span>\n\t\t\t\t\t\t\t\t\t\t\t<\/a>\n\t\t\t\t\t\t\t\t\t<\/li>\n\t\t\t\t\t\t<\/ul>\n\t\t\t\t\t\t<\/div>\n\t\t\t\t<\/div>\n\t\t\t\t<\/div>\n\t\t\t\t\t<\/div>\n\t\t\t\t<\/div>\n\t\t<div class=\"elementor-element elementor-element-2696f443 e-flex e-con-boxed wpr-particle-no wpr-jarallax-no wpr-parallax-no wpr-sticky-section-no e-con e-parent\" data-id=\"2696f443\" data-element_type=\"container\">\n\t\t\t\t\t<div class=\"e-con-inner\">\n\t\t<div class=\"elementor-element elementor-element-11889d7b e-con-full e-flex wpr-particle-no wpr-jarallax-no wpr-parallax-no wpr-sticky-section-no e-con e-child\" data-id=\"11889d7b\" data-element_type=\"container\" data-settings=\"{&quot;background_background&quot;:&quot;classic&quot;}\">\n\t\t\t\t<div class=\"elementor-element elementor-element-541eb16 elementor-widget elementor-widget-google_maps\" data-id=\"541eb16\" data-element_type=\"widget\" data-widget_type=\"google_maps.default\">\n\t\t\t\t<div class=\"elementor-widget-container\">\n\t\t\t\t\t\t\t<div class=\"elementor-custom-embed\">\n\t\t\t<iframe loading=\"lazy\"\n\t\t\t\t\tsrc=\"https:\/\/maps.google.com\/maps?q=Centre%20%C3%A9questre%20Mancieulles&#038;t=m&#038;z=10&#038;output=embed&#038;iwloc=near\"\n\t\t\t\t\ttitle=\"Centre \u00e9questre Mancieulles\"\n\t\t\t\t\taria-label=\"Centre \u00e9questre Mancieulles\"\n\t\t\t><\/iframe>\n\t\t<\/div>\n\t\t\t\t\t\t<\/div>\n\t\t\t\t<\/div>\n\t\t\t\t<\/div>\n\t\t<div class=\"elementor-element elementor-element-6d81f5d7 e-con-full e-flex wpr-particle-no wpr-jarallax-no wpr-parallax-no wpr-sticky-section-no e-con e-child\" data-id=\"6d81f5d7\" data-element_type=\"container\">\n\t\t\t\t<div class=\"elementor-element elementor-element-6124a2a4 elementor-icon-list--layout-traditional elementor-list-item-link-full_width elementor-widget elementor-widget-icon-list\" data-id=\"6124a2a4\" data-element_type=\"widget\" data-widget_type=\"icon-list.default\">\n\t\t\t\t<div class=\"elementor-widget-container\">\n\t\t\t\t\t\t\t<ul class=\"elementor-icon-list-items\">\n\t\t\t\t\t\t\t<li class=\"elementor-icon-list-item\">\n\t\t\t\t\t\t\t\t\t\t\t<span class=\"elementor-icon-list-icon\">\n\t\t\t\t\t\t\t<svg aria-hidden=\"true\" class=\"e-font-icon-svg e-fas-map-marker-alt\" viewBox=\"0 0 384 512\" xmlns=\"http:\/\/www.w3.org\/2000\/svg\"><path d=\"M172.268 501.67C26.97 291.031 0 269.413 0 192 0 85.961 85.961 0 192 0s192 85.961 192 192c0 77.413-26.97 99.031-172.268 309.67-9.535 13.774-29.93 13.773-39.464 0zM192 272c44.183 0 80-35.817 80-80s-35.817-80-80-80-80 35.817-80 80 35.817 80 80 80z\"><\/path><\/svg>\t\t\t\t\t\t<\/span>\n\t\t\t\t\t\t\t\t\t\t<span class=\"elementor-icon-list-text\"><b>Adresse :<\/b> <\/span>\n\t\t\t\t\t\t\t\t\t<\/li>\n\t\t\t\t\t\t\t\t<li class=\"elementor-icon-list-item\">\n\t\t\t\t\t\t\t\t\t\t<span class=\"elementor-icon-list-text\">Centre Equestre de Mancieulles<br>Carreau de la Mine<br>54790 Val de Briey<br><\/span>\n\t\t\t\t\t\t\t\t\t<\/li>\n\t\t\t\t\t\t\t\t<li class=\"elementor-icon-list-item\">\n\t\t\t\t\t\t\t\t\t\t<span class=\"elementor-icon-list-text\"><b>Horaires :<\/b><\/span>\n\t\t\t\t\t\t\t\t\t<\/li>\n\t\t\t\t\t\t\t\t<li class=\"elementor-icon-list-item\">\n\t\t\t\t\t\t\t\t\t\t<span class=\"elementor-icon-list-text\">Lundi : 10h00 - 18h00<\/span>\n\t\t\t\t\t\t\t\t\t<\/li>\n\t\t\t\t\t\t\t\t<li class=\"elementor-icon-list-item\">\n\t\t\t\t\t\t\t\t\t\t<span class=\"elementor-icon-list-text\">Mardi : 10h00 - 19h30<\/span>\n\t\t\t\t\t\t\t\t\t<\/li>\n\t\t\t\t\t\t\t\t<li class=\"elementor-icon-list-item\">\n\t\t\t\t\t\t\t\t\t\t<span class=\"elementor-icon-list-text\">Mercredi - Jeudi -  Vendredi : 10h00 - 18h00<\/span>\n\t\t\t\t\t\t\t\t\t<\/li>\n\t\t\t\t\t\t\t\t<li class=\"elementor-icon-list-item\">\n\t\t\t\t\t\t\t\t\t\t<span class=\"elementor-icon-list-text\">Samedi : 09h00 - 18h00<\/span>\n\t\t\t\t\t\t\t\t\t<\/li>\n\t\t\t\t\t\t\t\t<li class=\"elementor-icon-list-item\">\n\t\t\t\t\t\t\t\t\t\t<span class=\"elementor-icon-list-text\">Dimanche : 10h00 - 18h00<\/span>\n\t\t\t\t\t\t\t\t\t<\/li>\n\t\t\t\t\t\t<\/ul>\n\t\t\t\t\t\t<\/div>\n\t\t\t\t<\/div>\n\t\t\t\t<\/div>\n\t\t\t\t\t<\/div>\n\t\t\t\t<\/div>\n\t\t\t\t<\/div>\n\t\t","protected":false},"excerpt":{"rendered":"<p>Contact Veuillez nous contacter de pr\u00e9f\u00e9rence par email T\u00e9l\u00e9phone : 03.82.20.05.84 Email : centreequestremancieulles@gmail.com Adresse : Centre Equestre de MancieullesCarreau de la Mine54790 Val de Briey Horaires : Lundi : 10h00 &#8211; 18h00 Mardi : 10h00 &#8211; 19h30 Mercredi &#8211; Jeudi &#8211; Vendredi : 10h00 &#8211; 18h00 Samedi : 09h00 &#8211; 18h00 Dimanche : 10h00 &#8211; 18h00<\/p>\n","protected":false},"author":1,"featured_media":0,"parent":0,"menu_order":0,"comment_status":"closed","ping_status":"closed","template":"elementor_header_footer","meta":{"footnotes":""},"class_list":["post-25","page","type-page","status-publish","hentry"],"yoast_head":"<!-- This site is optimized with the Yoast SEO plugin v25.2 - https:\/\/yoast.com\/wordpress\/plugins\/seo\/ -->\n<title>Contact - Centre \u00c9questre de Mancieulles<\/title>\n<meta name=\"robots\" content=\"index, follow, max-snippet:-1, max-image-preview:large, max-video-preview:-1\" \/>\n<link rel=\"canonical\" href=\"https:\/\/www.centreequestremancieulles.fr\/?page_id=25\" \/>\n<meta property=\"og:locale\" content=\"fr_FR\" \/>\n<meta property=\"og:type\" content=\"article\" \/>\n<meta property=\"og:title\" content=\"Contact - Centre \u00c9questre de Mancieulles\" \/>\n<meta property=\"og:description\" content=\"Contact Veuillez nous contacter de pr\u00e9f\u00e9rence par email T\u00e9l\u00e9phone : 03.82.20.05.84 Email : centreequestremancieulles@gmail.com Adresse : Centre Equestre de MancieullesCarreau de la Mine54790 Val de Briey Horaires : Lundi : 10h00 &#8211; 18h00 Mardi : 10h00 &#8211; 19h30 Mercredi &#8211; Jeudi &#8211; Vendredi : 10h00 &#8211; 18h00 Samedi : 09h00 &#8211; 18h00 Dimanche : 10h00 &#8211; 18h00\" \/>\n<meta property=\"og:url\" content=\"https:\/\/www.centreequestremancieulles.fr\/?page_id=25\" \/>\n<meta property=\"og:site_name\" content=\"Centre \u00c9questre de Mancieulles\" \/>\n<meta property=\"article:publisher\" content=\"https:\/\/www.facebook.com\/centreequestremancieulles?locale=fr_FR\" \/>\n<meta property=\"article:modified_time\" content=\"2025-03-25T00:09:37+00:00\" \/>\n<meta name=\"twitter:card\" content=\"summary_large_image\" \/>\n<meta name=\"twitter:label1\" content=\"Dur\u00e9e de lecture estim\u00e9e\" \/>\n\t<meta name=\"twitter:data1\" content=\"1 minute\" \/>\n<script type=\"application\/ld+json\" class=\"yoast-schema-graph\">{\"@context\":\"https:\/\/schema.org\",\"@graph\":[{\"@type\":\"WebPage\",\"@id\":\"https:\/\/www.centreequestremancieulles.fr\/?page_id=25\",\"url\":\"https:\/\/www.centreequestremancieulles.fr\/?page_id=25\",\"name\":\"Contact - Centre \u00c9questre de Mancieulles\",\"isPartOf\":{\"@id\":\"https:\/\/www.centreequestremancieulles.fr\/#website\"},\"datePublished\":\"2024-07-24T11:16:59+00:00\",\"dateModified\":\"2025-03-25T00:09:37+00:00\",\"breadcrumb\":{\"@id\":\"https:\/\/www.centreequestremancieulles.fr\/?page_id=25#breadcrumb\"},\"inLanguage\":\"fr-FR\",\"potentialAction\":[{\"@type\":\"ReadAction\",\"target\":[\"https:\/\/www.centreequestremancieulles.fr\/?page_id=25\"]}]},{\"@type\":\"BreadcrumbList\",\"@id\":\"https:\/\/www.centreequestremancieulles.fr\/?page_id=25#breadcrumb\",\"itemListElement\":[{\"@type\":\"ListItem\",\"position\":1,\"name\":\"Accueil\",\"item\":\"https:\/\/www.centreequestremancieulles.fr\/\"},{\"@type\":\"ListItem\",\"position\":2,\"name\":\"Contact\"}]},{\"@type\":\"WebSite\",\"@id\":\"https:\/\/www.centreequestremancieulles.fr\/#website\",\"url\":\"https:\/\/www.centreequestremancieulles.fr\/\",\"name\":\"Centre \u00c9questre de Mancieulles\",\"description\":\"\u00c9cole d\u00e9quitation du Pays de Briey\",\"publisher\":{\"@id\":\"https:\/\/www.centreequestremancieulles.fr\/#organization\"},\"potentialAction\":[{\"@type\":\"SearchAction\",\"target\":{\"@type\":\"EntryPoint\",\"urlTemplate\":\"https:\/\/www.centreequestremancieulles.fr\/?s={search_term_string}\"},\"query-input\":{\"@type\":\"PropertyValueSpecification\",\"valueRequired\":true,\"valueName\":\"search_term_string\"}}],\"inLanguage\":\"fr-FR\"},{\"@type\":\"Organization\",\"@id\":\"https:\/\/www.centreequestremancieulles.fr\/#organization\",\"name\":\"Centre \u00c9questre de Mancieulles\",\"url\":\"https:\/\/www.centreequestremancieulles.fr\/\",\"logo\":{\"@type\":\"ImageObject\",\"inLanguage\":\"fr-FR\",\"@id\":\"https:\/\/www.centreequestremancieulles.fr\/#\/schema\/logo\/image\/\",\"url\":\"https:\/\/www.centreequestremancieulles.fr\/wp-content\/uploads\/2024\/07\/E.-E.-P.-B.-blanc.png\",\"contentUrl\":\"https:\/\/www.centreequestremancieulles.fr\/wp-content\/uploads\/2024\/07\/E.-E.-P.-B.-blanc.png\",\"width\":563,\"height\":563,\"caption\":\"Centre \u00c9questre de Mancieulles\"},\"image\":{\"@id\":\"https:\/\/www.centreequestremancieulles.fr\/#\/schema\/logo\/image\/\"},\"sameAs\":[\"https:\/\/www.facebook.com\/centreequestremancieulles?locale=fr_FR\"]}]}<\/script>\n<!-- \/ Yoast SEO plugin. -->","yoast_head_json":{"title":"Contact - Centre \u00c9questre de Mancieulles","robots":{"index":"index","follow":"follow","max-snippet":"max-snippet:-1","max-image-preview":"max-image-preview:large","max-video-preview":"max-video-preview:-1"},"canonical":"https:\/\/www.centreequestremancieulles.fr\/?page_id=25","og_locale":"fr_FR","og_type":"article","og_title":"Contact - Centre \u00c9questre de Mancieulles","og_description":"Contact Veuillez nous contacter de pr\u00e9f\u00e9rence par email T\u00e9l\u00e9phone : 03.82.20.05.84 Email : centreequestremancieulles@gmail.com Adresse : Centre Equestre de MancieullesCarreau de la Mine54790 Val de Briey Horaires : Lundi : 10h00 &#8211; 18h00 Mardi : 10h00 &#8211; 19h30 Mercredi &#8211; Jeudi &#8211; Vendredi : 10h00 &#8211; 18h00 Samedi : 09h00 &#8211; 18h00 Dimanche : 10h00 &#8211; 18h00","og_url":"https:\/\/www.centreequestremancieulles.fr\/?page_id=25","og_site_name":"Centre \u00c9questre de Mancieulles","article_publisher":"https:\/\/www.facebook.com\/centreequestremancieulles?locale=fr_FR","article_modified_time":"2025-03-25T00:09:37+00:00","twitter_card":"summary_large_image","twitter_misc":{"Dur\u00e9e de lecture estim\u00e9e":"1 minute"},"schema":{"@context":"https:\/\/schema.org","@graph":[{"@type":"WebPage","@id":"https:\/\/www.centreequestremancieulles.fr\/?page_id=25","url":"https:\/\/www.centreequestremancieulles.fr\/?page_id=25","name":"Contact - Centre \u00c9questre de Mancieulles","isPartOf":{"@id":"https:\/\/www.centreequestremancieulles.fr\/#website"},"datePublished":"2024-07-24T11:16:59+00:00","dateModified":"2025-03-25T00:09:37+00:00","breadcrumb":{"@id":"https:\/\/www.centreequestremancieulles.fr\/?page_id=25#breadcrumb"},"inLanguage":"fr-FR","potentialAction":[{"@type":"ReadAction","target":["https:\/\/www.centreequestremancieulles.fr\/?page_id=25"]}]},{"@type":"BreadcrumbList","@id":"https:\/\/www.centreequestremancieulles.fr\/?page_id=25#breadcrumb","itemListElement":[{"@type":"ListItem","position":1,"name":"Accueil","item":"https:\/\/www.centreequestremancieulles.fr\/"},{"@type":"ListItem","position":2,"name":"Contact"}]},{"@type":"WebSite","@id":"https:\/\/www.centreequestremancieulles.fr\/#website","url":"https:\/\/www.centreequestremancieulles.fr\/","name":"Centre \u00c9questre de Mancieulles","description":"\u00c9cole d\u00e9quitation du Pays de Briey","publisher":{"@id":"https:\/\/www.centreequestremancieulles.fr\/#organization"},"potentialAction":[{"@type":"SearchAction","target":{"@type":"EntryPoint","urlTemplate":"https:\/\/www.centreequestremancieulles.fr\/?s={search_term_string}"},"query-input":{"@type":"PropertyValueSpecification","valueRequired":true,"valueName":"search_term_string"}}],"inLanguage":"fr-FR"},{"@type":"Organization","@id":"https:\/\/www.centreequestremancieulles.fr\/#organization","name":"Centre \u00c9questre de Mancieulles","url":"https:\/\/www.centreequestremancieulles.fr\/","logo":{"@type":"ImageObject","inLanguage":"fr-FR","@id":"https:\/\/www.centreequestremancieulles.fr\/#\/schema\/logo\/image\/","url":"https:\/\/www.centreequestremancieulles.fr\/wp-content\/uploads\/2024\/07\/E.-E.-P.-B.-blanc.png","contentUrl":"https:\/\/www.centreequestremancieulles.fr\/wp-content\/uploads\/2024\/07\/E.-E.-P.-B.-blanc.png","width":563,"height":563,"caption":"Centre \u00c9questre de Mancieulles"},"image":{"@id":"https:\/\/www.centreequestremancieulles.fr\/#\/schema\/logo\/image\/"},"sameAs":["https:\/\/www.facebook.com\/centreequestremancieulles?locale=fr_FR"]}]}},"_links":{"self":[{"href":"https:\/\/www.centreequestremancieulles.fr\/index.php?rest_route=\/wp\/v2\/pages\/25","targetHints":{"allow":["GET"]}}],"collection":[{"href":"https:\/\/www.centreequestremancieulles.fr\/index.php?rest_route=\/wp\/v2\/pages"}],"about":[{"href":"https:\/\/www.centreequestremancieulles.fr\/index.php?rest_route=\/wp\/v2\/types\/page"}],"author":[{"embeddable":true,"href":"https:\/\/www.centreequestremancieulles.fr\/index.php?rest_route=\/wp\/v2\/users\/1"}],"replies":[{"embeddable":true,"href":"https:\/\/www.centreequestremancieulles.fr\/index.php?rest_route=%2Fwp%2Fv2%2Fcomments&post=25"}],"version-history":[{"count":35,"href":"https:\/\/www.centreequestremancieulles.fr\/index.php?rest_route=\/wp\/v2\/pages\/25\/revisions"}],"predecessor-version":[{"id":325,"href":"https:\/\/www.centreequestremancieulles.fr\/index.php?rest_route=\/wp\/v2\/pages\/25\/revisions\/325"}],"wp:attachment":[{"href":"https:\/\/www.centreequestremancieulles.fr\/index.php?rest_route=%2Fwp%2Fv2%2Fmedia&parent=25"}],"curies":[{"name":"wp","href":"https:\/\/api.w.org\/{rel}","templated":true}]}}